{"id":877,"date":"2023-10-24T16:15:45","date_gmt":"2023-10-24T14:15:45","guid":{"rendered":"https:\/\/sovielmehr.ch\/?post_type=product&#038;p=877"},"modified":"2026-01-20T23:25:19","modified_gmt":"2026-01-20T21:25:19","slug":"silber-ring-vergoldet-mit-aqua-achat","status":"publish","type":"product","link":"https:\/\/sovielmehr.ch\/?product=silber-ring-vergoldet-mit-aqua-achat","title":{"rendered":"Silber Ring vergoldet mit Aqua Achat"},"content":{"rendered":"<p>Sch\u00f6ner vergoldeter echt Silberring mit Aqua Achat.<\/p>\n<p>Ringgr\u00f6sse 56 (auf Wunsch auch andere Gr\u00f6sse)<\/p>\n","protected":false},"excerpt":{"rendered":"<p>Sch\u00f6ner vergoldeter echt Silberring mit Aqua Achat. Ringgr\u00f6sse 56 (auf Wunsch auch andere Gr\u00f6sse)<\/p>\n","protected":false},"featured_media":881,"comment_status":"open","ping_status":"closed","template":"","meta":[],"product_brand":[],"product_cat":[41,43,19],"product_tag":[],"class_list":{"0":"post-877","1":"product","2":"type-product","3":"status-publish","4":"has-post-thumbnail","6":"product_cat-damen","7":"product_cat-handschmuck","8":"product_cat-schmuck","10":"first","11":"instock","12":"shipping-taxable","13":"purchasable","14":"product-type-simple"},"_links":{"self":[{"href":"https:\/\/sovielmehr.ch\/index.php?rest_route=\/wp\/v2\/product\/877","targetHints":{"allow":["GET"]}}],"collection":[{"href":"https:\/\/sovielmehr.ch\/index.php?rest_route=\/wp\/v2\/product"}],"about":[{"href":"https:\/\/sovielmehr.ch\/index.php?rest_route=\/wp\/v2\/types\/product"}],"replies":[{"embeddable":true,"href":"https:\/\/sovielmehr.ch\/index.php?rest_route=%2Fwp%2Fv2%2Fcomments&post=877"}],"wp:featuredmedia":[{"embeddable":true,"href":"https:\/\/sovielmehr.ch\/index.php?rest_route=\/wp\/v2\/media\/881"}],"wp:attachment":[{"href":"https:\/\/sovielmehr.ch\/index.php?rest_route=%2Fwp%2Fv2%2Fmedia&parent=877"}],"wp:term":[{"taxonomy":"product_brand","embeddable":true,"href":"https:\/\/sovielmehr.ch\/index.php?rest_route=%2Fwp%2Fv2%2Fproduct_brand&post=877"},{"taxonomy":"product_cat","embeddable":true,"href":"https:\/\/sovielmehr.ch\/index.php?rest_route=%2Fwp%2Fv2%2Fproduct_cat&post=877"},{"taxonomy":"product_tag","embeddable":true,"href":"https:\/\/sovielmehr.ch\/index.php?rest_route=%2Fwp%2Fv2%2Fproduct_tag&post=877"}],"curies":[{"name":"wp","href":"https:\/\/api.w.org\/{rel}","templated":true}]}}