{"id":403,"date":"2023-08-22T14:11:07","date_gmt":"2023-08-22T12:11:07","guid":{"rendered":"https:\/\/sovielmehr.ch\/?post_type=product&#038;p=403"},"modified":"2023-09-13T22:10:57","modified_gmt":"2023-09-13T20:10:57","slug":"mondstein-halskette-mandala","status":"publish","type":"product","link":"https:\/\/sovielmehr.ch\/?product=mondstein-halskette-mandala","title":{"rendered":"Mondstein Halskette Mandala"},"content":{"rendered":"<p>Wundersch\u00f6ne Halskette aus Mondstein und einem Mandala Anh\u00e4nger aus Silber.<\/p>\n<p>Der Mondstein steht f\u00fcr die St\u00e4rkung der Intuition und die intensivere Wahrnehmung von Gef\u00fchlen. Ihm wird nachgesagt Lebenslust und Einf\u00fchlungsverm\u00f6gen zu st\u00e4rken. Auch bei \u00c4ngsten kann der Mondstein einen Unterst\u00fctzenden Effekt haben.<\/p>\n","protected":false},"excerpt":{"rendered":"<p>Wundersch\u00f6ne Halskette aus Mondstein und einem Mandala Anh\u00e4nger aus Silber. Der Mondstein steht f\u00fcr die St\u00e4rkung der Intuition und die intensivere Wahrnehmung von Gef\u00fchlen. Ihm wird nachgesagt Lebenslust und Einf\u00fchlungsverm\u00f6gen zu st\u00e4rken. Auch bei \u00c4ngsten kann der Mondstein einen Unterst\u00fctzenden Effekt haben.<\/p>\n","protected":false},"featured_media":399,"comment_status":"open","ping_status":"closed","template":"","meta":[],"product_brand":[],"product_cat":[19],"product_tag":[],"class_list":{"0":"post-403","1":"product","2":"type-product","3":"status-publish","4":"has-post-thumbnail","6":"product_cat-schmuck","8":"first","9":"outofstock","10":"shipping-taxable","11":"purchasable","12":"product-type-simple"},"_links":{"self":[{"href":"https:\/\/sovielmehr.ch\/index.php?rest_route=\/wp\/v2\/product\/403","targetHints":{"allow":["GET"]}}],"collection":[{"href":"https:\/\/sovielmehr.ch\/index.php?rest_route=\/wp\/v2\/product"}],"about":[{"href":"https:\/\/sovielmehr.ch\/index.php?rest_route=\/wp\/v2\/types\/product"}],"replies":[{"embeddable":true,"href":"https:\/\/sovielmehr.ch\/index.php?rest_route=%2Fwp%2Fv2%2Fcomments&post=403"}],"wp:featuredmedia":[{"embeddable":true,"href":"https:\/\/sovielmehr.ch\/index.php?rest_route=\/wp\/v2\/media\/399"}],"wp:attachment":[{"href":"https:\/\/sovielmehr.ch\/index.php?rest_route=%2Fwp%2Fv2%2Fmedia&parent=403"}],"wp:term":[{"taxonomy":"product_brand","embeddable":true,"href":"https:\/\/sovielmehr.ch\/index.php?rest_route=%2Fwp%2Fv2%2Fproduct_brand&post=403"},{"taxonomy":"product_cat","embeddable":true,"href":"https:\/\/sovielmehr.ch\/index.php?rest_route=%2Fwp%2Fv2%2Fproduct_cat&post=403"},{"taxonomy":"product_tag","embeddable":true,"href":"https:\/\/sovielmehr.ch\/index.php?rest_route=%2Fwp%2Fv2%2Fproduct_tag&post=403"}],"curies":[{"name":"wp","href":"https:\/\/api.w.org\/{rel}","templated":true}]}}