{"id":1434,"date":"2026-01-21T00:46:21","date_gmt":"2026-01-20T22:46:21","guid":{"rendered":"https:\/\/sovielmehr.ch\/?post_type=product&#038;p=1434"},"modified":"2026-01-21T00:59:01","modified_gmt":"2026-01-20T22:59:01","slug":"einzelstuecke-nach-anfrage","status":"publish","type":"product","link":"https:\/\/sovielmehr.ch\/?product=einzelstuecke-nach-anfrage","title":{"rendered":"Einzelst\u00fccke nach Anfrage"},"content":{"rendered":"<blockquote><p>Wundervolle Einzelst\u00fccke nur f\u00fcr Sie gefertigt nach Anfrage.<\/p><\/blockquote>\n","protected":false},"excerpt":{"rendered":"<p>Wundervolle Einzelst\u00fccke nur f\u00fcr Sie gefertigt nach Anfrage.<\/p>\n","protected":false},"featured_media":1410,"comment_status":"open","ping_status":"closed","template":"","meta":[],"product_brand":[],"product_cat":[41,40,42,19],"product_tag":[],"class_list":{"0":"post-1434","1":"product","2":"type-product","3":"status-publish","4":"has-post-thumbnail","6":"product_cat-damen","7":"product_cat-herren","8":"product_cat-kinder","9":"product_cat-schmuck","11":"first","12":"instock","13":"shipping-taxable","14":"product-type-simple"},"_links":{"self":[{"href":"https:\/\/sovielmehr.ch\/index.php?rest_route=\/wp\/v2\/product\/1434","targetHints":{"allow":["GET"]}}],"collection":[{"href":"https:\/\/sovielmehr.ch\/index.php?rest_route=\/wp\/v2\/product"}],"about":[{"href":"https:\/\/sovielmehr.ch\/index.php?rest_route=\/wp\/v2\/types\/product"}],"replies":[{"embeddable":true,"href":"https:\/\/sovielmehr.ch\/index.php?rest_route=%2Fwp%2Fv2%2Fcomments&post=1434"}],"wp:featuredmedia":[{"embeddable":true,"href":"https:\/\/sovielmehr.ch\/index.php?rest_route=\/wp\/v2\/media\/1410"}],"wp:attachment":[{"href":"https:\/\/sovielmehr.ch\/index.php?rest_route=%2Fwp%2Fv2%2Fmedia&parent=1434"}],"wp:term":[{"taxonomy":"product_brand","embeddable":true,"href":"https:\/\/sovielmehr.ch\/index.php?rest_route=%2Fwp%2Fv2%2Fproduct_brand&post=1434"},{"taxonomy":"product_cat","embeddable":true,"href":"https:\/\/sovielmehr.ch\/index.php?rest_route=%2Fwp%2Fv2%2Fproduct_cat&post=1434"},{"taxonomy":"product_tag","embeddable":true,"href":"https:\/\/sovielmehr.ch\/index.php?rest_route=%2Fwp%2Fv2%2Fproduct_tag&post=1434"}],"curies":[{"name":"wp","href":"https:\/\/api.w.org\/{rel}","templated":true}]}}