{"id":1070,"date":"2024-01-15T11:40:55","date_gmt":"2024-01-15T09:40:55","guid":{"rendered":"https:\/\/sovielmehr.ch\/?page_id=1070"},"modified":"2024-01-15T11:40:55","modified_gmt":"2024-01-15T09:40:55","slug":"agb","status":"publish","type":"page","link":"https:\/\/sovielmehr.ch\/?page_id=1070","title":{"rendered":"AGB"},"content":{"rendered":"\n<p><strong>Allgemeine Gesch\u00e4ftsbedingungen (AGB)<\/strong><\/p>\n\n\n\n<p>\u200d<\/p>\n\n\n\n<p><strong>1. Geltungsbereich<\/strong><\/p>\n\n\n\n<p>Diese Allgemeinen Gesch\u00e4ftsbedingungen (\u201eAGB\u201c) gelten f\u00fcr den Gesch\u00e4ftsbereich der Sovielmehr GmbH, Oberhofstrasse 39, 6020 Emmenbr\u00fccke. Die Firma besitzt und betreibt die Plattform <a href=\"http:\/\/www.sovielmehr.ch\/\">www.sovielmehr.ch<\/a> und erbringt darauf entgeltliche und unentgeltliche Dienstleistungen im Zusammenhang mit der Ausbildung von Familien- und Sporthunden, Training und Begleitung von Hundehaltern, Beurteilung und Beratung bei Verhaltensst\u00f6rungen beim Hund. K\u00f6rpertherapie f\u00fcr Menschen als alternativmedizinisches Diagnose- und Behandlungskonzept. Ankauf, Gewinnung, Verarbeitung und Verkauf von Edelmetallen und Handel mit Edelmetallprodukten. Des Weiteren verkauft die Firma Produkte in obengenannten Bereichen.<\/p>\n\n\n\n<p>Diese AGB gelten f\u00fcr die obengenannten Bereiche sowie die weiteren Dienstleistungen welche die Firma direkt und indirekt gegen\u00fcber dem Kunden erbringt.<\/p>\n\n\n\n<p><strong>2. Vertragsabschluss<\/strong><\/p>\n\n\n\n<p>Der Vertragsabschluss kommt durch die Akzeptanz der Offerte der Firma, betreffend den Bezug von Dienstleistungen, Produkten oder Lizenzen durch den Kunden zustande.<\/p>\n\n\n\n<p>Der Vertrag kommt des Weiteren zustande, wenn der Kunde die von der Firma angebotenen Dienstleistungen in Anspruch nimmt oder Produkte der Firma bezieht oder benutzt (Lizenz).<\/p>\n\n\n\n<p><strong>3. Preise<\/strong><\/p>\n\n\n\n<p>Vorbehaltlich anderweitiger Offerten verstehen sich alle Preise in Schweizer Franken (CHF). Alle Preise verstehen sich exklusive allf\u00e4llig anwendbarer Mehrwertsteuer (MWST.).<\/p>\n\n\n\n<p>Die Preise verstehen sich exklusive weiterer allf\u00e4llig anwendbarer Steuern.<\/p>\n\n\n\n<p>Die Firma beh\u00e4lt sich vor, die Preise jederzeit zu \u00e4ndern. Es gelten die zum Zeitpunkt des Vertragsabschlusses g\u00fcltigen Preise auf der Website www.sovielmehr.ch oder gem\u00e4ss der separaten Preisliste der Firma. F\u00fcr den Kunden gelten die zum Zeitpunkt des Vertragsabschlusses g\u00fcltigen Preise.<\/p>\n\n\n\n<p><strong>4. Bezahlung<\/strong><\/p>\n\n\n\n<p>Der Kunde ist verpflichtet, den in Rechnung gestellten Betrag innert 30 Tagen ab Rechnungsdatum zu bezahlen. Es sei denn, er habe den Betrag bereits beim Bestellvorgang via Kreditkarte, Paypal oder anderen Zahlungssystemen beglichen.<\/p>\n\n\n\n<p>Wird die Rechnung nicht binnen vorgenannter Zahlungsfrist beglichen, wird der Kunde abgemahnt. Begleicht der Kunde die Rechnung nicht binnen der angesetzten Mahnfrist f\u00e4llt er automatisch in Verzug. Ab Zeitpunkt des Verzuges schuldet der Kunde Verzugszinsen in der H\u00f6he von 5%.<\/p>\n\n\n\n<p>Die Firma beh\u00e4lt sich vor, jederzeit ohne Angabe von Gr\u00fcnden Vorauskasse zu verlangen.<\/p>\n\n\n\n<p>Verrechnung des in Rechnung gestellten Betrages mit einer allf\u00e4lligen Forderung des Kunden gegen die Firma ist nicht zul\u00e4ssig.<\/p>\n\n\n\n<p>Der Firma steht das Recht zu bei Zahlungsverzug die Dienstleistungserbringung, die Lieferung des Produkts oder die Gew\u00e4hrung der Lizenz zu verweigern.<\/p>\n\n\n\n<p><strong>5. Pflichten der Firma<\/strong><\/p>\n\n\n\n<p>5.1. Dienstleistungserbringung<\/p>\n\n\n\n<p>Vorbehaltlich anderslautender Vereinbarung, erf\u00fcllt die Firma ihre Verpflichtung durch Erbringung der vereinbarten Dienstleistung. Die Dienstleistung beinhaltet die Leistungen, welche zum Zeitpunkt des Vertragsschlusses online publiziert sind oder waren.<br>Ein Grossteil der Dienstleistungen der Firma werden online erbracht. F\u00fcr alle weiteren Dienstleistungen gilt der Sitz der Firma als Erf\u00fcllungsort, es sei denn es werden anderweitige Bestimmungen getroffen.<\/p>\n\n\n\n<p>5.2. Hilfspersonen<\/p>\n\n\n\n<p>Die Parteien haben das ausdr\u00fcckliche Recht, zur Erledigung ihrer vertragsgem\u00e4ssen Pflichten Hilfspersonen beizuziehen. Sie haben sicherzustellen, dass der Beizug der Hilfsperson unter Einhaltung aller zwingenden gesetzlichen Bestimmungen und allf\u00e4lliger Gesamtarbeitsvertr\u00e4ge erfolgt.<\/p>\n\n\n\n<p><strong>6. Lizenz<\/strong><\/p>\n\n\n\n<p>6.1. Nutzung<\/p>\n\n\n\n<p>Die Firma gew\u00e4hrt dem Kunden das Recht, die Dokumente der entsprechenden Vertragsboxen zu nutzen. Diese Nutzungsrechte sind nicht-exklusive, un\u00fcbertragbar und auf die Nutzung durch den Kunden beschr\u00e4nkt. Die einzelnen Dokumente dienen als Vorlagen und d\u00fcrfen vom Kunden lediglich als Vorlagen und f\u00fcr eigene Zwecke genutzt werden. Jegliche Weitergabe an Dritte sowie anderweitige Nutzung, kommerzieller oder anderer Natur ist untersagt.<\/p>\n\n\n\n<p>6.2. Formatierung<\/p>\n\n\n\n<p>Sind die Dokumente in einem Format erstellt, welche die Nutzungsrechte des Kunden beschr\u00e4nken so entspricht dies dem Willen der Firma und eine Umformatierung ist nicht zul\u00e4ssig.<\/p>\n\n\n\n<p>6.3. Befristung<\/p>\n\n\n\n<p>Der Inhalt steht dem Kunden f\u00fcr die vereinbarte Dauer zur Verf\u00fcgung. Nach Ablauf dieser Frist hat der Kunde keinen Anspruch mehr auf den Inhalt der Vertragsboxen.<\/p>\n\n\n\n<p><strong>7. Pflichten des Kunden<\/strong><\/p>\n\n\n\n<p>7.1. Aus\u00fcbung der Nutzungsrechte<\/p>\n\n\n\n<p>Der Kunde ist verpflichtet, die Nutzungsrechte lediglich im gew\u00e4hrten Umfang auszu\u00fcben. Der Kunde ist f\u00fcr die sichere Aufbewahrung seiner Zugangsdaten und Passw\u00f6rter vollumf\u00e4nglich verantwortlich. F\u00fcr den Inhalt der erfassten Daten und Informationen ist der Kunde selbst verantwortlich.<\/p>\n\n\n\n<p>Der Kunde ist verpflichtet s\u00e4mtliche Vorkehrungen welche zur Erbringung der Dienstleistung durch die Firma erforderlich sind umgehend vor zunehmen. Der Kunde hat die Vorkehrungen am vereinbarten Ort zur vereinbarten Zeit und im vereinbarten Mass vorzunehmen. Je nach Umst\u00e4nden geh\u00f6rt dazu das Erbringen geeigneter Informationen und Unterlagen an die Firma.<\/p>\n\n\n\n<p>Der Kunde best\u00e4tigt mit dem Akzeptieren der vorliegenden AGB zudem, dass er \u00fcber eine unbeschr\u00e4nkte Handlungsf\u00e4higkeit verf\u00fcgt und vollj\u00e4hrig ist. Der Kunde erkl\u00e4rt mit der Registrierung ausdr\u00fccklich, dass s\u00e4mtliche gemachten Angaben der Wahrheit entsprechen, aktuell sind und mit den Rechten Dritter, den guten Sitten und dem Gesetz in \u00dcbereinstimmung sind.<\/p>\n\n\n\n<p>7.2. Mitwirkungspflichten<\/p>\n\n\n\n<p>Der Kunde ist verpflichtet s\u00e4mtliche Vorkehrungen welche zur Erbringung der Dienstleistung durch die Firma erforderlich sind umgehend vorzunehmen. Der Kunde hat die Vorkehrungen am vereinbarten Ort zur vereinbarten Zeit und im vereinbarten Mass vorzunehmen. Je nach Umst\u00e4nden geh\u00f6rt dazu das Erbringen geeigneter Informationen und Unterlagen f\u00fcr die Firma.<\/p>\n\n\n\n<p>Des Weiteren ist der Kunde zur umfassenden und prompten Mitwirkung verpflichtet. Er hat der Firma jegliche im Zusammenhang mit der Dienstleistungserbringung erforderlichen Unterlagen unaufgefordert, vollst\u00e4ndig und inhaltlich korrekt zu \u00dcbergeben. Die Firma geht davon aus, dass die gelieferten Informationen und Unterlagen richtig und vollst\u00e4ndig sind sowie den gesetzlichen Mitwirkungs- und Auskunftspflichten entsprechen. Die Pr\u00fcfung der Richtigkeit und Ordnungsm\u00e4ssigkeit von Informationen, Unterlagen und Zahlen des Kunden obliegt der Firma nur, wenn dies vorab schriftlich vereinbart wurde.<\/p>\n\n\n\n<p>7.3. Weitere Pflichten<\/p>\n\n\n\n<p>Der Kunde ist f\u00fcr die sichere Aufbewahrung seiner Zugangsdaten und Passw\u00f6rter vollumf\u00e4nglich verantwortlich. F\u00fcr den Inhalt der erfassten Daten und Informationen ist der Kunde selbst verantwortlich.<\/p>\n\n\n\n<p>Die Firma ist berechtigt, das Verhalten der Kunden im Zusammenhang mit der Nutzung der Internetplattform zu kontrollieren. Die Firma ist insbesondere berechtigt vom Kunden auf der Online-Plattform erfassten Inhalt jederzeit auf die Rechtm\u00e4ssigkeit zu \u00fcberpr\u00fcfen.<\/p>\n\n\n\n<p><strong>8. R\u00fccktritt<\/strong><\/p>\n\n\n\n<p>8.1. Dienstleistungen<\/p>\n\n\n\n<p>Beide Partien haben das Recht jederzeit vom Vertrag zur\u00fcck zu treten. Die zur\u00fccktretende Partei hat die bereits get\u00e4tigten Aufwendungen der anderen Partei vollumf\u00e4nglich zu entgelten. Ein R\u00fccktritt zu Unzeiten ist nicht zul\u00e4ssig. Es werden dem Kunden die durch den R\u00fccktritt verursachten Kosten in Rechnung gestellt. Der genaue Betrag wird dem Kunden bei Vertragsabschluss mitgeteilt.<\/p>\n\n\n\n<p>8.2. Produkte<\/p>\n\n\n\n<p>Ein Umtausch von Produkten wird grunds\u00e4tzlich ausgeschlossen.<\/p>\n\n\n\n<p>8.3. Lizenz<\/p>\n\n\n\n<p>Der Kunde erh\u00e4lt von der Firma das Recht die Dokumente der Vertragsbox f\u00fcr die vereinbarte Dauer zu nutzen. Ein R\u00fccktritt nach Abschluss der Bestellung, jedoch vor der Nutzung ist kostenlos m\u00f6glich. Ein R\u00fccktritt nach Nutzung ist nicht mehr m\u00f6glich und das vereinbarte Entgelt ist f\u00fcr die vertragliche Dauer geschuldet.<\/p>\n\n\n\n<p>9. Upgrade \/ Add-on<\/p>\n\n\n\n<p>Ein Upgrade von einem kleineren zu einem gr\u00f6sseren Paket ist jederzeit m\u00f6glich. Der Downgrad wird jedoch ausgeschlossen. Hat der Kunde ein gr\u00f6sseres Paket gew\u00e4hlt und bezieht nicht alle Dienstleistungen hat er kein Anspruch auf eine R\u00fcckverg\u00fctung.<\/p>\n\n\n\n<p>Zum Paket dazu gew\u00e4hlte Add-on&#8217;s k\u00f6nnen zu einem sp\u00e4teren Zeitpunkt nicht mehr abgew\u00e4hlt werden. Wurde die Leistung eines Add-on&#8217;s erbracht, wird es voll verrechnet, jede R\u00fcckverg\u00fctung von nicht genutzten Add-on\u2018s wird ausgeschlossen.<\/p>\n\n\n\n<p>10. Eigentumsvorbehalt<\/p>\n\n\n\n<p>Das Eigentum an den Produkten bleibt bis zur vollst\u00e4ndigen Bezahlung des Kaufpreises bei der Firma. Bis dahin darf der Kunde nicht \u00fcber die Produkte verf\u00fcgen, insbesondere weder verkaufen noch vermieten oder verpf\u00e4nden.<\/p>\n\n\n\n<p>11. Gew\u00e4hrleistung<\/p>\n\n\n\n<p>Die Firma bem\u00fcht sich um eine gute Verf\u00fcgbarkeit von www.sovielmehr.ch und unternimmt angemessene Vorkehrungen um www.sovielmehr.ch vor Eingriffen Dritter zu sch\u00fctzen.<\/p>\n\n\n\n<p>Sie kann jedoch keine Gew\u00e4hrleistung f\u00fcr ein unterbruchs- und st\u00f6rungsfreies Funktionieren von www.sovielmehr.ch und den angebotenen Dienstleistungen geben und auch nicht gew\u00e4hrleisten, dass die Dateien virenfrei sind. Die Firma leistet keine Gew\u00e4hr f\u00fcr die sachliche und inhaltliche Korrektheit, Vollst\u00e4ndigkeit und Zuverl\u00e4ssigkeit oder Qualit\u00e4t der publizierten oder \u00fcbermittelten Informationen und Unterlagen. Sie kann zudem keine Gew\u00e4hrleistung geben f\u00fcr Nicht &#8211; Spamming, sch\u00e4dliche Software, Spyware, Hacker oder Phishing-Angriffe etc. die die Benutzung der Dienstleistung beeintr\u00e4chtigen, die Infrastruktur (z.B. Endger\u00e4te, PC) des Kunden besch\u00e4digen oder ihn anderweitig sch\u00e4digen. Die Firma kann keinen Gew\u00e4hr f\u00fcr die sachliche und inhaltliche Korrektheit, Vollst\u00e4ndigkeit und Zuverl\u00e4ssigkeit oder Qualit\u00e4t der zur Verf\u00fcgung gestellten, publizierten oder \u00fcbermittelten Informationen und Prozesse sowie des Arbeitsresultats der Dienstleistungen leisten. Ein allf\u00e4lliges Problem oder ein Defekt ist der Firma umgehend anzuzeigen.<\/p>\n\n\n\n<p>Die Firma gew\u00e4hrleistet, dass das Produkt frei von M\u00e4ngeln in Material und Herstellung ist.<\/p>\n\n\n\n<p>Ein allf\u00e4lliger Mangel ist der Firma umgehend anzuzeigen. Es steht der Firma zu, zu entscheiden, ob das mangelhafte Produkt repariert oder ersetzt wird. Nur wenn ein Ersatz oder eine Reparatur nicht m\u00f6glich ist, hat der Kunde Anspruch auf eine Minderung oder R\u00fcckerstattung des Kaufpreises. Der Anspruch auf Kostenr\u00fcckerstattung bei Fremdreparaturen wird ausgeschlossen. W\u00e4hrend der Zeit der Reparatur hat der Kunde keinen Anspruch auf ein Ersatzprodukt. Die Gew\u00e4hrleistung beginnt f\u00fcr das reparierte Element neu zu laufen, f\u00fcr die restlichen Elemente des Produkts l\u00e4uft die urspr\u00fcngliche Gew\u00e4hrleistungsfrist weiter.<\/p>\n\n\n\n<p>12. Haftung<\/p>\n\n\n\n<p>Die Haftung f\u00fcr jegliche indirekten Sch\u00e4den und Mangelfolgesch\u00e4den wird vollumf\u00e4nglich ausgeschlossen.<br>Die Haftung f\u00fcr direkte Sch\u00e4den wird auf die Summe der vom Kunden erworbenen Dienstleistung, des Produkts oder der Lizenz beschr\u00e4nkt. Diese Haftungsbeschr\u00e4nkung gilt nicht f\u00fcr direkte Sch\u00e4den verursacht durch Grobfahrl\u00e4ssigkeit oder Absicht.<\/p>\n\n\n\n<p>Der Kunde ist verpflichtet allf\u00e4llige Sch\u00e4den der Firma umgehend zu melden.<\/p>\n\n\n\n<p>Jegliche Haftung f\u00fcr Hilfspersonen wird vollumf\u00e4nglich ausgeschlossen.<\/p>\n\n\n\n<p>13. Immaterialg\u00fcterrechte<\/p>\n\n\n\n<p>S\u00e4mtliche Rechte an den Produkten, Dienstleistungen und allf\u00e4lligen Marken stehen der Firma zu oder sie ist zu deren Benutzung vom Inhaber berechtigt.<\/p>\n\n\n\n<p>Weder diese AGB noch dazugeh\u00f6rige Individualvereinbarungen haben die \u00dcbertragung von Immaterialg\u00fcterrechte zum Inhalt, es sei denn dies werde explizit erw\u00e4hnt.<\/p>\n\n\n\n<p>Zudem ist jegliche Weiterverwendung, Ver\u00f6ffentlichung und das Zug\u00e4nglichmachen von Informationen, Bildern, Texten oder Sonstigem welches der Kunde im Zusammenhang mit diesen Bestimmungen erh\u00e4lt, untersagt, es sei denn es werde von der Firma explizit genehmigt.<\/p>\n\n\n\n<p>Verwendet der Kunde im Zusammenhang mit der Firma Inhalte, Texte oder bildliches Material an welchem Dritte ein Schutzrecht haben, hat der Kunde sicherzustellen, dass keine Schutzrechte Dritter verletzt werden.<\/p>\n\n\n\n<p>14. Datenschutz<\/p>\n\n\n\n<p>Die Firma darf die im Rahmen des Vertragsschlusses aufgenommenen Daten zur Erf\u00fcllung der Verpflichtungen aus dem Vertrag verarbeiten und verwenden. Die Firma ergreift die Massnahmen welche zur Sicherung der Daten gem\u00e4ss den gesetzlichen Vorschriften erforderlich sind. Der Kunde erkl\u00e4rt sich mit der Speicherung und vertragsgem\u00e4ssen Verwertung seiner Daten durch die Firma vollumf\u00e4nglich einverstanden und ist sich bewusst, dass die Firma auf Anordnung von Gerichten oder Beh\u00f6rden verpflichtet und berechtigt ist Informationen vom Kunden diesen oder Dritten bekannt zu geben. Hat der Kunde es nicht ausdr\u00fccklich untersagt, darf die Firma die Daten zu Marketingzwecken verwenden sowie f\u00fcr Werbezwecke an Ihre Partner weitergeben. Die zur Leistungserf\u00fcllung notwendigen Daten k\u00f6nnen auch an beauftragte Dienstleistungspartner oder sonstigen Dritten weitergegeben werden.A<\/p>\n\n\n\n<p>15. \u00c4nderungen<\/p>\n\n\n\n<p>Diese Allgemeinen Gesch\u00e4ftsbedingungen k\u00f6nnen von der Firma jederzeit ge\u00e4ndert werden.<br>Die neue Version tritt durch Publikation auf der Website der Firma in Kraft.<\/p>\n\n\n\n<p>F\u00fcr die Kunden gilt grunds\u00e4tzlich die Version der AGB welche zum Zeitpunkt des Vertragsabschlusses in Kraft ist. Es sei denn, der Kunde habe einer neueren Version der AGB zugestimmt.<\/p>\n\n\n\n<p>16. Priorit\u00e4t<\/p>\n\n\n\n<p>Diese AGB gehen allen \u00e4lteren Bestimmungen und Vertr\u00e4gen vor. Lediglich Bestimmungen aus Individualvertr\u00e4gen welche die Bestimmungen dieser AGB noch spezifizieren gehen diesen AGB vor.<\/p>\n\n\n\n<p>17. Salvatorische Klausel<\/p>\n\n\n\n<p>Sollte eine Bestimmung dieses Vertrages oder eine Beilage dieses Vertrages ung\u00fcltig sein oder werden, so wird dadurch die Wirksamkeit des Vertrages im \u00dcbrigen nicht ber\u00fchrt. Die Vertragsparteien werden die unwirksame Bestimmung durch eine wirksame Bestimmung ersetzen, die dem gewollten wirtschaftlichen Zweck der ung\u00fcltigen Bestimmung m\u00f6glichst nahe kommt. Dasselbe gilt auch f\u00fcr allf\u00e4llige Vertragsl\u00fccken.<\/p>\n\n\n\n<p>18. Vertraulichkeit<\/p>\n\n\n\n<p>Beide Parteien, sowie deren Hilfspersonen, verpflichten sich, s\u00e4mtliche Informationen welche im Zusammenhang mit den Leistungen unterbreitet oder angeeignet wurden, vertraulich zu behandeln. Diese Pflicht bleibt auch nach der Beendigung des Vertrages bestehen.<\/p>\n\n\n\n<p>19. H\u00f6here Gewalt<\/p>\n\n\n\n<p>Wird die fristgerechte Erf\u00fcllung durch die Firma, deren Lieferanten oder beigezogenen Dritten infolge h\u00f6herer Gewalt wie beispielsweise Naturkatastrophen, Erdbeben, Vulkanausbr\u00fcche, Lawinen, Unwetter, Gewitter, St\u00fcrme, Kriege, Unruhen, B\u00fcrgerkriege, Revolutionen und Aufst\u00e4nde, Terrorismus, Sabotage, Streiks, Atomunf\u00e4lle resp. Reaktorsch\u00e4den verunm\u00f6glicht, so ist die Firma w\u00e4hrend der Dauer der h\u00f6heren Gewalt sowie einer angemessenen Anlaufzeit nach deren Ende von der Erf\u00fcllung der betroffenen Pflichten befreit. Dauert die h\u00f6here Gewalt l\u00e4nger als 30 Tage kann die Firma vom Vertrag zur\u00fccktreten. Die Firma hat dem Kunden bereits geleistetes Entgelt vollumf\u00e4nglich zur\u00fcck zu erstatten.<\/p>\n\n\n\n<p>Jegliche weiteren Anspr\u00fcche, insbesondere Schadenersatzanspr\u00fcche infolge vis major sind ausgeschlossen.<\/p>\n\n\n\n<p>20. Anwendbares Recht \/ Gerichtsstand<\/p>\n\n\n\n<p>Diese AGB unterstehen schweizerischem Recht. Soweit keine zwingenden gesetzlichen Bestimmungen vorgehen ist das Gericht am Sitz der Firma zust\u00e4ndig. Das \u00dcbereinkommen der Vereinten Nationen \u00fcber Vertr\u00e4ge \u00fcber den internationalen Produktekauf (SR 0.221.221.1) wird explizit ausgeschlossen.<\/p>\n","protected":false},"excerpt":{"rendered":"<p>Allgemeine Gesch\u00e4ftsbedingungen (AGB) \u200d 1. Geltungsbereich Diese Allgemeinen Gesch\u00e4ftsbedingungen (\u201eAGB\u201c) gelten f\u00fcr den Gesch\u00e4ftsbereich der Sovielmehr GmbH, Oberhofstrasse 39, 6020 Emmenbr\u00fccke. Die Firma besitzt und betreibt die Plattform www.sovielmehr.ch und erbringt darauf entgeltliche und unentgeltliche Dienstleistungen im Zusammenhang mit der Ausbildung von Familien- und Sporthunden, Training und Begleitung von Hundehaltern, Beurteilung und Beratung bei Verhaltensst\u00f6rungen &hellip; <\/p>\n<p class=\"link-more\"><a href=\"https:\/\/sovielmehr.ch\/?page_id=1070\" class=\"more-link\"><span class=\"screen-reader-text\">\u201eAGB\u201c <\/span>weiterlesen<\/a><\/p>\n","protected":false},"author":2,"featured_media":0,"parent":0,"menu_order":0,"comment_status":"closed","ping_status":"closed","template":"","meta":{"footnotes":""},"class_list":["post-1070","page","type-page","status-publish","hentry"],"_links":{"self":[{"href":"https:\/\/sovielmehr.ch\/index.php?rest_route=\/wp\/v2\/pages\/1070","targetHints":{"allow":["GET"]}}],"collection":[{"href":"https:\/\/sovielmehr.ch\/index.php?rest_route=\/wp\/v2\/pages"}],"about":[{"href":"https:\/\/sovielmehr.ch\/index.php?rest_route=\/wp\/v2\/types\/page"}],"author":[{"embeddable":true,"href":"https:\/\/sovielmehr.ch\/index.php?rest_route=\/wp\/v2\/users\/2"}],"replies":[{"embeddable":true,"href":"https:\/\/sovielmehr.ch\/index.php?rest_route=%2Fwp%2Fv2%2Fcomments&post=1070"}],"version-history":[{"count":1,"href":"https:\/\/sovielmehr.ch\/index.php?rest_route=\/wp\/v2\/pages\/1070\/revisions"}],"predecessor-version":[{"id":1071,"href":"https:\/\/sovielmehr.ch\/index.php?rest_route=\/wp\/v2\/pages\/1070\/revisions\/1071"}],"wp:attachment":[{"href":"https:\/\/sovielmehr.ch\/index.php?rest_route=%2Fwp%2Fv2%2Fmedia&parent=1070"}],"curies":[{"name":"wp","href":"https:\/\/api.w.org\/{rel}","templated":true}]}}